{"id":2038,"date":"2025-10-18T10:44:57","date_gmt":"2025-10-18T15:44:57","guid":{"rendered":"https:\/\/edroz.pe\/oslo\/?post_type=product&#038;p=2038"},"modified":"2025-10-18T10:44:57","modified_gmt":"2025-10-18T15:44:57","slug":"monitor-asus-vp228he-21-5-tn-fullhd","status":"publish","type":"product","link":"https:\/\/edroz.pe\/oslo\/producto\/monitor-asus-vp228he-21-5-tn-fullhd\/","title":{"rendered":"MONITOR ASUS VP228HE 21.5&#8243; TN FULLHD"},"content":{"rendered":"<div><strong>Acerca de este producto<\/strong>:<\/div>\n<div>Apasionada de la tecnolog\u00eda e impulsada por la innovaci\u00f3n, Asus se esfuerza por crear una vida mejor para todas las personas. Siempre en b\u00fasqueda de nuevas ideas, la empresa aspira a ofrecer la m\u00e1s alta calidad en cada uno de sus productos. Comprobalo por vos mismo con este monitor Asus que te brindar\u00e1 una experiencia aut\u00e9ntica e incre\u00edble.<\/div>\n","protected":false},"excerpt":{"rendered":"<p>Acerca de este producto: Apasionada de la tecnolog\u00eda e impulsada por la innovaci\u00f3n, Asus se esfuerza por crear una vida mejor para todas las personas. Siempre en b\u00fasqueda de nuevas ideas, la empresa aspira a ofrecer la m\u00e1s alta calidad en cada uno de sus productos. Comprobalo por vos mismo con este monitor Asus que [&hellip;]<\/p>\n","protected":false},"featured_media":2040,"comment_status":"open","ping_status":"closed","template":"","meta":{"_joinchat":[]},"product_brand":[],"product_cat":[22],"product_tag":[],"class_list":{"0":"post-2038","1":"product","2":"type-product","3":"status-publish","4":"has-post-thumbnail","6":"product_cat-monitores","8":"first","9":"instock","10":"shipping-taxable","11":"purchasable","12":"product-type-simple"},"_links":{"self":[{"href":"https:\/\/edroz.pe\/oslo\/wp-json\/wp\/v2\/product\/2038","targetHints":{"allow":["GET"]}}],"collection":[{"href":"https:\/\/edroz.pe\/oslo\/wp-json\/wp\/v2\/product"}],"about":[{"href":"https:\/\/edroz.pe\/oslo\/wp-json\/wp\/v2\/types\/product"}],"replies":[{"embeddable":true,"href":"https:\/\/edroz.pe\/oslo\/wp-json\/wp\/v2\/comments?post=2038"}],"wp:featuredmedia":[{"embeddable":true,"href":"https:\/\/edroz.pe\/oslo\/wp-json\/wp\/v2\/media\/2040"}],"wp:attachment":[{"href":"https:\/\/edroz.pe\/oslo\/wp-json\/wp\/v2\/media?parent=2038"}],"wp:term":[{"taxonomy":"product_brand","embeddable":true,"href":"https:\/\/edroz.pe\/oslo\/wp-json\/wp\/v2\/product_brand?post=2038"},{"taxonomy":"product_cat","embeddable":true,"href":"https:\/\/edroz.pe\/oslo\/wp-json\/wp\/v2\/product_cat?post=2038"},{"taxonomy":"product_tag","embeddable":true,"href":"https:\/\/edroz.pe\/oslo\/wp-json\/wp\/v2\/product_tag?post=2038"}],"curies":[{"name":"wp","href":"https:\/\/api.w.org\/{rel}","templated":true}]}}